{"id":946,"date":"2020-09-29T14:21:20","date_gmt":"2020-09-29T11:21:20","guid":{"rendered":"http:\/\/arcans.com.tr\/?page_id=946"},"modified":"2020-09-29T14:21:21","modified_gmt":"2020-09-29T11:21:21","slug":"misyonumuz","status":"publish","type":"page","link":"http:\/\/arcans.com.tr\/en\/misyonumuz\/","title":{"rendered":"Misyonumuz"},"content":{"rendered":"\n<ul><li>Sa\u011fl\u0131k sekt\u00f6r\u00fcndeki de\u011fi\u015fimi ve geli\u015fimi yak\u0131ndan takip eden, dinamik, yenilik\u00e7i ve \u00f6rnek \u015firket olmay\u0131 hedefleyen ARCANS SA\u011eLIK, de\u011ferli m\u00fc\u015fterilerimizin ihtiya\u00e7lar\u0131na cevap vermek i\u00e7in her marka \u00fcr\u00fcn tedarikinde portf\u00f6y\u00fcn\u00fc teknolojinin gereksinimine g\u00f6re s\u00fcrekli yenileyerek devaml\u0131l\u0131k esast\u0131r felsefesinden yola \u00e7\u0131karak kalitenin ve g\u00fcvenin Markas\u0131 olmay\u0131 ama\u00e7lar.<\/li><li>&nbsp;Sekt\u00f6r\u00fcn gere\u011fi insani de\u011ferlerini ve \u00e7\u00f6z\u00fcm odakl\u0131 olmay\u0131 \u00f6n planda tutar, anahtar teslim konsepti ile yat\u0131r\u0131mc\u0131n\u0131n talep etti\u011fi \u00fcr\u00fcnleri kaliteli avantajl\u0131 fiyat ile bulu\u015fturmak en \u00f6nemli hedeftir.<\/li><\/ul>\n","protected":false},"excerpt":{"rendered":"<p>Sa\u011fl\u0131k sekt\u00f6r\u00fcndeki de\u011fi\u015fimi ve geli\u015fimi yak\u0131ndan takip eden, dinamik, yenilik\u00e7i ve \u00f6rnek \u015firket olmay\u0131 hedefleyen ARCANS SA\u011eLIK, de\u011ferli m\u00fc\u015fterilerimizin ihtiya\u00e7lar\u0131na cevap vermek i\u00e7in her marka \u00fcr\u00fcn tedarikinde portf\u00f6y\u00fcn\u00fc teknolojinin gereksinimine g\u00f6re s\u00fcrekli yenileyerek devaml\u0131l\u0131k esast\u0131r felsefesinden yola \u00e7\u0131karak kalitenin ve &hellip; <a href=\"http:\/\/arcans.com.tr\/en\/misyonumuz\/\">Devam\u0131<\/a><\/p>\n","protected":false},"author":1,"featured_media":0,"parent":0,"menu_order":0,"comment_status":"closed","ping_status":"closed","template":"","meta":{"kt_blocks_editor_width":""},"_links":{"self":[{"href":"http:\/\/arcans.com.tr\/en\/wp-json\/wp\/v2\/pages\/946"}],"collection":[{"href":"http:\/\/arcans.com.tr\/en\/wp-json\/wp\/v2\/pages"}],"about":[{"href":"http:\/\/arcans.com.tr\/en\/wp-json\/wp\/v2\/types\/page"}],"author":[{"embeddable":true,"href":"http:\/\/arcans.com.tr\/en\/wp-json\/wp\/v2\/users\/1"}],"replies":[{"embeddable":true,"href":"http:\/\/arcans.com.tr\/en\/wp-json\/wp\/v2\/comments?post=946"}],"version-history":[{"count":1,"href":"http:\/\/arcans.com.tr\/en\/wp-json\/wp\/v2\/pages\/946\/revisions"}],"predecessor-version":[{"id":947,"href":"http:\/\/arcans.com.tr\/en\/wp-json\/wp\/v2\/pages\/946\/revisions\/947"}],"wp:attachment":[{"href":"http:\/\/arcans.com.tr\/en\/wp-json\/wp\/v2\/media?parent=946"}],"curies":[{"name":"wp","href":"https:\/\/api.w.org\/{rel}","templated":true}]}}